{"id":618,"date":"2020-12-07T14:51:53","date_gmt":"2020-12-07T14:51:53","guid":{"rendered":"https:\/\/bernarddelabroy.com\/?page_id=618"},"modified":"2021-03-11T17:08:01","modified_gmt":"2021-03-11T17:08:01","slug":"bienvenue-sur-https-bernarddelabroy-com","status":"publish","type":"page","link":"https:\/\/bernarddelabroy.com\/?page_id=618","title":{"rendered":"Pr\u00e9sentation"},"content":{"rendered":"\t\t<div data-elementor-type=\"wp-page\" data-elementor-id=\"618\" class=\"elementor elementor-618\">\n\t\t\t\t\t\t<section class=\"elementor-section elementor-top-section elementor-element elementor-element-7cccc031 elementor-section-boxed elementor-section-height-default elementor-section-height-default\" data-id=\"7cccc031\" data-element_type=\"section\" data-e-type=\"section\">\n\t\t\t\t\t\t<div class=\"elementor-container elementor-column-gap-default\">\n\t\t\t\t\t<div class=\"elementor-column elementor-col-100 elementor-top-column elementor-element elementor-element-599a3532\" data-id=\"599a3532\" data-element_type=\"column\" data-e-type=\"column\">\n\t\t\t<div class=\"elementor-widget-wrap elementor-element-populated\">\n\t\t\t\t\t\t<div class=\"elementor-element elementor-element-5e5e6921 elementor-widget elementor-widget-text-editor\" data-id=\"5e5e6921\" data-element_type=\"widget\" data-e-type=\"widget\" data-widget_type=\"text-editor.default\">\n\t\t\t\t<div class=\"elementor-widget-container\">\n\t\t\t\t\t\t\t\t\t<p><\/p>\n<p><a href=\"https:\/\/bernarddelabroy6175.live-website.com\/wp-content\/uploads\/2020\/06\/bernie-ok-carre.jpeg\"><img fetchpriority=\"high\" decoding=\"async\" class=\"aligncenter size-medium wp-image-459\" src=\"https:\/\/bernarddelabroy6175.live-website.com\/wp-content\/uploads\/2020\/06\/bernie-ok-carre-258x300.jpeg\" alt=\"\" width=\"258\" height=\"300\" srcset=\"https:\/\/bernarddelabroy.com\/wp-content\/uploads\/2020\/06\/bernie-ok-carre-258x300.jpeg 258w, https:\/\/bernarddelabroy.com\/wp-content\/uploads\/2020\/06\/bernie-ok-carre-300x349.jpeg 300w, https:\/\/bernarddelabroy.com\/wp-content\/uploads\/2020\/06\/bernie-ok-carre-600x698.jpeg 600w, https:\/\/bernarddelabroy.com\/wp-content\/uploads\/2020\/06\/bernie-ok-carre-880x1024.jpeg 880w, https:\/\/bernarddelabroy.com\/wp-content\/uploads\/2020\/06\/bernie-ok-carre-768x894.jpeg 768w, https:\/\/bernarddelabroy.com\/wp-content\/uploads\/2020\/06\/bernie-ok-carre-1320x1536.jpeg 1320w, https:\/\/bernarddelabroy.com\/wp-content\/uploads\/2020\/06\/bernie-ok-carre.jpeg 1460w\" sizes=\"(max-width: 258px) 100vw, 258px\" \/><\/a><\/p>\n<p><\/p>\n<p><\/p>\n<p>\u00a0<\/p>\n<p><\/p>\n<p><\/p>\n<p style=\"text-align: center;\">Penser diff\u00e9remment<\/p>\n<p style=\"text-align: center;\"><\/p>\n<p style=\"text-align: center;\"><\/p>\n<p style=\"text-align: center;\">Changer le regard<\/p>\n<p style=\"text-align: center;\"><\/p>\n<p style=\"text-align: center;\"><\/p>\n<p style=\"text-align: center;\">Apporter une autre vision<\/p>\n<p style=\"text-align: center;\"><\/p>\n<p style=\"text-align: center;\"><\/p>\n<p style=\"text-align: center;\">Qu&rsquo;est-ce que la r\u00e9alit\u00e9\u00a0??<\/p>\n<p style=\"text-align: center;\"><\/p>\n<p style=\"text-align: center;\"><\/p>\n<p style=\"text-align: center;\">Interroger les sens<\/p>\n<p style=\"text-align: center;\"><\/p>\n<p style=\"text-align: center;\"><\/p>\n<p style=\"text-align: center;\">Questionner l&rsquo;esprit<\/p>\n<p style=\"text-align: center;\"><\/p>\n<p style=\"text-align: center;\"><\/p>\n<p style=\"text-align: center;\">Ce que l&rsquo;on voit est-il ce que l&rsquo;on pense\u00a0??<\/p>\n<p style=\"text-align: center;\"><\/p>\n<p style=\"text-align: center;\"><\/p>\n<p style=\"text-align: center;\">Ouvrir sur de nouveaux mondes<\/p>\n<p style=\"text-align: center;\"><\/p>\n<p style=\"text-align: center;\"><\/p>\n<p style=\"text-align: center;\">Et pourquoi pas , amener le spectateur au carrefour des Energies de la Nature, de la Pens\u00e9e, de la Physique<\/p>\n<p style=\"text-align: center;\"><\/p>\n<p style=\"text-align: center;\"><\/p>\n<p style=\"text-align: center;\"><strong>Bernard Delabroy<\/strong> n\u00e9 en 1963<\/p>\n<p style=\"text-align: center;\"><\/p>\n<p style=\"text-align: center;\"><\/p>\n<p style=\"text-align: center;\">vit et travaille \u00e0 Landerneau<\/p>\n<p style=\"text-align: center;\"><\/p>\n<p style=\"text-align: center;\"><\/p>\n<p style=\"text-align: center;\">peint depuis plus de vingt-cinq ans<\/p>\n<p style=\"text-align: center;\"><\/p>\n<p style=\"text-align: center;\"><\/p>\n<p style=\"text-align: center;\">Autodidacte de formation<\/p>\n<p style=\"text-align: center;\"><\/p>\n<p style=\"text-align: center;\"><\/p>\n<p style=\"text-align: center;\">avec un travail r\u00e9solument polymorphe<\/p>\n<p style=\"text-align: center;\"><\/p>\n<p style=\"text-align: center;\"><\/p>\n<p style=\"text-align: center;\">pr\u00e9f\u00e9rant chercher et trouver la libert\u00e9 de la cr\u00e9ativit\u00e9 dans l&rsquo;\u00e9tude de l&rsquo;avenir\u00a0!!!<\/p>\n<p><\/p>\n<p><\/p>\t\t\t\t\t\t\t\t<\/div>\n\t\t\t\t<\/div>\n\t\t\t\t\t<\/div>\n\t\t<\/div>\n\t\t\t\t\t<\/div>\n\t\t<\/section>\n\t\t\t\t<section class=\"elementor-section elementor-top-section elementor-element elementor-element-f632bfd elementor-section-boxed elementor-section-height-default elementor-section-height-default\" data-id=\"f632bfd\" data-element_type=\"section\" data-e-type=\"section\">\n\t\t\t\t\t\t<div class=\"elementor-container elementor-column-gap-default\">\n\t\t\t\t\t<div class=\"elementor-column elementor-col-100 elementor-top-column elementor-element elementor-element-bb4e49c\" data-id=\"bb4e49c\" data-element_type=\"column\" data-e-type=\"column\">\n\t\t\t<div class=\"elementor-widget-wrap\">\n\t\t\t\t\t\t\t<\/div>\n\t\t<\/div>\n\t\t\t\t\t<\/div>\n\t\t<\/section>\n\t\t\t\t<section class=\"elementor-section elementor-top-section elementor-element elementor-element-5fe2dd5 elementor-section-boxed elementor-section-height-default elementor-section-height-default\" data-id=\"5fe2dd5\" data-element_type=\"section\" data-e-type=\"section\">\n\t\t\t\t\t\t<div class=\"elementor-container elementor-column-gap-default\">\n\t\t\t\t\t<div class=\"elementor-column elementor-col-100 elementor-top-column elementor-element elementor-element-fcb0d4a\" data-id=\"fcb0d4a\" data-element_type=\"column\" data-e-type=\"column\">\n\t\t\t<div class=\"elementor-widget-wrap elementor-element-populated\">\n\t\t\t\t\t\t<div class=\"elementor-element elementor-element-ed71461 elementor-widget elementor-widget-text-editor\" data-id=\"ed71461\" data-element_type=\"widget\" data-e-type=\"widget\" data-widget_type=\"text-editor.default\">\n\t\t\t\t<div class=\"elementor-widget-container\">\n\t\t\t\t\t\t\t\t\t<p align=\"left\"><span style=\"font-family: Century Schoolbook L, serif;\"><span style=\"font-size: large;\"><b>contact@bernarddelabroy6175.live-website.com <\/b><\/span><\/span><\/p>\n<p align=\"left\"><span style=\"font-family: Century Schoolbook L, serif;\"><span style=\"font-size: medium;\"><span style=\"font-size: large;\"><b>tph\u00a0: <\/b><\/span><span style=\"font-size: large;\"><b>06.81.32.06.84 <\/b><\/span><\/span><\/span><\/p>\n<p align=\"left\"><span style=\"font-family: Century Schoolbook L, serif;\"><span style=\"font-size: large;\"><b>nmr SIRET\u00a0: 495.104.549.00029<\/b><\/span><\/span><\/p>\n<p align=\"left\"><span style=\"font-family: Century Schoolbook L, serif;\"><span style=\"font-size: large;\"><b>Maison des Artistes\u00a0: 32899<\/b><\/span><\/span><\/p>\t\t\t\t\t\t\t\t<\/div>\n\t\t\t\t<\/div>\n\t\t\t\t\t<\/div>\n\t\t<\/div>\n\t\t\t\t\t<\/div>\n\t\t<\/section>\n\t\t\t\t<\/div>\n\t\t","protected":false},"excerpt":{"rendered":"<p>\u00a0 Penser diff\u00e9remment Changer le regard Apporter une autre vision Qu&rsquo;est-ce que la r\u00e9alit\u00e9\u00a0?? Interroger les sens Questionner l&rsquo;esprit Ce&hellip;<\/p>\n","protected":false},"author":1,"featured_media":0,"parent":0,"menu_order":1,"comment_status":"closed","ping_status":"open","template":"","meta":{"_monsterinsights_skip_tracking":false,"_monsterinsights_sitenote_active":false,"_monsterinsights_sitenote_note":"","_monsterinsights_sitenote_category":0,"footnotes":""},"class_list":["post-618","page","type-page","status-publish","hentry"],"aioseo_notices":[],"_links":{"self":[{"href":"https:\/\/bernarddelabroy.com\/index.php?rest_route=\/wp\/v2\/pages\/618","targetHints":{"allow":["GET"]}}],"collection":[{"href":"https:\/\/bernarddelabroy.com\/index.php?rest_route=\/wp\/v2\/pages"}],"about":[{"href":"https:\/\/bernarddelabroy.com\/index.php?rest_route=\/wp\/v2\/types\/page"}],"author":[{"embeddable":true,"href":"https:\/\/bernarddelabroy.com\/index.php?rest_route=\/wp\/v2\/users\/1"}],"replies":[{"embeddable":true,"href":"https:\/\/bernarddelabroy.com\/index.php?rest_route=%2Fwp%2Fv2%2Fcomments&post=618"}],"version-history":[{"count":16,"href":"https:\/\/bernarddelabroy.com\/index.php?rest_route=\/wp\/v2\/pages\/618\/revisions"}],"predecessor-version":[{"id":991,"href":"https:\/\/bernarddelabroy.com\/index.php?rest_route=\/wp\/v2\/pages\/618\/revisions\/991"}],"wp:attachment":[{"href":"https:\/\/bernarddelabroy.com\/index.php?rest_route=%2Fwp%2Fv2%2Fmedia&parent=618"}],"curies":[{"name":"wp","href":"https:\/\/api.w.org\/{rel}","templated":true}]}}